{"id":1507,"date":"2024-12-26T00:23:38","date_gmt":"2024-12-26T00:23:38","guid":{"rendered":"https:\/\/bellybudget.no\/?page_id=1507"},"modified":"2025-12-20T02:43:13","modified_gmt":"2025-12-20T02:43:13","slug":"bli-partner","status":"publish","type":"page","link":"https:\/\/bellybudget.no\/en\/bli-partner\/","title":{"rendered":"Bli Partner"},"content":{"rendered":"<blockquote class=\"wp-block-quote is-layout-flow wp-block-quote-is-layout-flow\">\n<p><strong>Hvorfor velge oss fremfor konkurrentene?<\/strong><\/p>\n\n\n\n<p>Vi tar mye lavere provisjon enn de store akt\u00f8rene i markedet. V\u00e5rt fokus er p\u00e5 kvalitet fremfor kvantitet. Det er enkel matematikk: f\u00e6rre oppf\u00f8ringer gir bedre oppf\u00f8lging av v\u00e5re partnere, tettere kontakt, og mer tid til \u00e5 planlegge og strategisere.<\/p>\n\n\n\n<hr class=\"wp-block-separator has-alpha-channel-opacity\"\/>\n\n\n\n<p><strong>Null risiko:<\/strong><\/p>\n\n\n\n<p>Du f\u00e5r mer eksponering til nye kunder \u2013 helt uten kostnad. Du sparer markedsf\u00f8ringsbudsjettet ditt, og betaler kun for de avtalene du faktisk inng\u00e5r. Ikke mer d\u00e5rlig m\u00e5lretting eller kampanjer som treffer feil publikum.<\/p>\n\n\n\n<hr class=\"wp-block-separator has-alpha-channel-opacity\"\/>\n\n\n\n<p><strong>Vi skreddersyr avtalen din sammen med deg:<\/strong><\/p>\n\n\n\n<p>La oss dele v\u00e5re innsikter om markedet, trender og grafer med deg, og gi deg en ekstra faglig vurdering n\u00e5r du skreddersyr dine tilbud. Vi inkluderer tilbakemeldinger fra kunder for \u00e5 hjelpe deg \u00e5 lykkes i et marked i rask endring. Og viktigst av alt: vi sikrer en rettferdig avtale for begge parter.<\/p>\n\n\n\n<hr class=\"wp-block-separator has-alpha-channel-opacity\"\/>\n\n\n\n<p><strong>Hva vinner vi?<\/strong><\/p>\n\n\n\n<p>Vi vinner hvis du vinner. Jo st\u00f8rre variasjon av gode kvalitetsavtaler, desto mer forn\u00f8yde blir kundene v\u00e5re. Jo mer rettferdig markedet er, desto bedre. V\u00e5r ambisjon er \u00e5 gi sm\u00e5 bedrifter de verkt\u00f8yene som vanligvis kun er tilgjengelige for de store akt\u00f8rene.<\/p>\n\n\n\n<hr class=\"wp-block-separator has-alpha-channel-opacity\"\/>\n\n\n\n<p><strong>Andre fordeler:<\/strong><\/p>\n\n\n\n<ul class=\"wp-block-list\">\n<li>Vi holder et ekstra \u00f8ye med markedet for deg.<\/li>\n\n\n\n<li>Vi skreddersyr tilbudene dine til markedets behov, basert p\u00e5 kundeadferd.<\/li>\n\n\n\n<li>Tilbudene dine blir presentert profesjonelt p\u00e5 en f\u00f8rsteklasses nettside.<\/li>\n\n\n\n<li>V\u00e5rt nyhetsbrev holder deg oppdatert p\u00e5 nyheter som er relevante for din bedrift.<\/li>\n\n\n\n<li>Du f\u00e5r gratis tilgang til v\u00e5r ekspertise, \u00e6resgjester og markedsf\u00f8ringsguruer.<\/li>\n<\/ul>\n<\/blockquote>\n\n\n\n<div class=\"wp-block-buttons is-layout-flex wp-block-buttons-is-layout-flex\">\n<div class=\"wp-block-button\"><a class=\"wp-block-button__link wp-element-button\" href=\"https:\/\/calendly.com\/bellybudget\/30min\" rel=\"nofollow noopener\" target=\"_blank\">Book et m\u00f8te med oss<\/a><\/div>\n<\/div>\n\n\n\n<p>eller email : Info@bellybudget.no <\/p>\n\n\n\n<p><\/p>","protected":false},"excerpt":{"rendered":"<p>Hvorfor velge oss fremfor konkurrentene? Vi tar mye lavere provisjon enn de store akt\u00f8rene i markedet. V\u00e5rt fokus er p\u00e5 kvalitet fremfor kvantitet. Det er enkel matematikk: f\u00e6rre oppf\u00f8ringer gir bedre oppf\u00f8lging av v\u00e5re partnere, tettere kontakt, og mer tid til \u00e5 planlegge og strategisere. Null risiko: Du f\u00e5r mer eksponering til nye kunder \u2013&#8230;<\/p>","protected":false},"author":1,"featured_media":1960,"parent":0,"menu_order":0,"comment_status":"closed","ping_status":"closed","template":"","meta":{"_acf_changed":false,"googlesitekit_rrm_CAowsMCjDA:productID":"","footnotes":""},"class_list":["post-1507","page","type-page","status-publish","has-post-thumbnail","hentry"],"acf":[],"_links":{"self":[{"href":"https:\/\/bellybudget.no\/en\/wp-json\/wp\/v2\/pages\/1507","targetHints":{"allow":["GET"]}}],"collection":[{"href":"https:\/\/bellybudget.no\/en\/wp-json\/wp\/v2\/pages"}],"about":[{"href":"https:\/\/bellybudget.no\/en\/wp-json\/wp\/v2\/types\/page"}],"author":[{"embeddable":true,"href":"https:\/\/bellybudget.no\/en\/wp-json\/wp\/v2\/users\/1"}],"replies":[{"embeddable":true,"href":"https:\/\/bellybudget.no\/en\/wp-json\/wp\/v2\/comments?post=1507"}],"version-history":[{"count":10,"href":"https:\/\/bellybudget.no\/en\/wp-json\/wp\/v2\/pages\/1507\/revisions"}],"predecessor-version":[{"id":1894,"href":"https:\/\/bellybudget.no\/en\/wp-json\/wp\/v2\/pages\/1507\/revisions\/1894"}],"wp:featuredmedia":[{"embeddable":true,"href":"https:\/\/bellybudget.no\/en\/wp-json\/wp\/v2\/media\/1960"}],"wp:attachment":[{"href":"https:\/\/bellybudget.no\/en\/wp-json\/wp\/v2\/media?parent=1507"}],"curies":[{"name":"wp","href":"https:\/\/api.w.org\/{rel}","templated":true}]}}