{"id":1589,"date":"2025-02-09T19:18:48","date_gmt":"2025-02-09T19:18:48","guid":{"rendered":"https:\/\/bellybudget.no\/?post_type=product&#038;p=1589"},"modified":"2025-02-09T19:18:49","modified_gmt":"2025-02-09T19:18:49","slug":"sytradtrader-enkelt-diy-verktoy-for-hjemmesom-og-handarbeid","status":"publish","type":"product","link":"https:\/\/bellybudget.no\/en\/product\/sytradtrader-enkelt-diy-verktoy-for-hjemmesom-og-handarbeid\/","title":{"rendered":"Gul Sitron Sytr\u00e5dtr\u00e5der \u2013 Enkelt DIY Verkt\u00f8y for Hjemmes\u00f8m og H\u00e5ndarbeid"},"content":{"rendered":"<h3><strong>Perfekt for:<\/strong><\/h3>\n<ul>\n<li>Nybegynnere som l\u00e6rer \u00e5 sy<\/li>\n<li>Erfarne h\u00e5ndverkere som leter etter et tidsbesparende verkt\u00f8y<\/li>\n<li>Reparasjon av kl\u00e6r, DIY-prosjekter eller lagring av h\u00e5ndlagde gaver<\/li>\n<\/ul>\n<h3><strong>Spesifikasjoner:<\/strong><\/h3>\n<ul>\n<li>Farge: Gul sitron<\/li>\n<li>Materiale: Holdbar plast og metall<\/li>\n<li>St\u00f8rrelse: Kompakt og lett<\/li>\n<\/ul>\n<hr \/>\n<p><strong>Gj\u00f8r sying morsomt igjen!<\/strong><br \/>\nEnten du er en erfaren syerske eller nettopp har begynt, er den Gule Sitron Automatiske Tr\u00e5dtr\u00e5deren et must-have tilbeh\u00f8r til symappene dine. Bestill n\u00e5 og nyt problemfri tr\u00e5ding hver gang!<\/p>","protected":false},"excerpt":{"rendered":"<p><strong>Enkelt Sying med den Gule Sitron Automatiske Tr\u00e5dtr\u00e5deren!<\/strong><\/p>\n<p>Er du lei av \u00e5 kjempe med sm\u00e5 n\u00e5ler og trassige tr\u00e5der? Si farvel til frustrasjon og hei til problemfri sying med v\u00e5r\u00a0<strong>Gule Sitron Automatiske Tr\u00e5dtr\u00e5der<\/strong>! Dette praktiske DIY-verkt\u00f8yet er perfekt for hjemmes\u00f8m, h\u00e5ndarbeid og alle dine kreative prosjekter.<\/p>\n<h3><strong>Hvorfor du vil elske den:<\/strong><\/h3>\n<p>\u2705\u00a0<strong>Enkel \u00e5 bruke<\/strong>: Bare legg tr\u00e5den i tr\u00e5dtr\u00e5deren, og den f\u00e5r tr\u00e5den gjennom n\u00e5le\u00f8yet p\u00e5 sekunder.<br \/>\n\u2705\u00a0<strong>Holdbar og p\u00e5litelig<\/strong>: Laget av h\u00f8ykvalitetsmaterialer, s\u00e5 denne tr\u00e5dtr\u00e5deren er bygd for \u00e5 vare gjennom utallige syprosjekter.<br \/>\n\u2705\u00a0<strong>Kompakt og b\u00e6rbar<\/strong>: Den lille st\u00f8rrelsen gj\u00f8r den enkel \u00e5 oppbevare i symappen din eller ta med p\u00e5 farten.<br \/>\n\u2705\u00a0<strong>Livlig gul sitronfarge<\/strong>: Gir en spr\u00f8 injeksjon av farge til symappene dine, samtidig som den gj\u00f8r den enkel \u00e5 finne.<\/p>","protected":false},"featured_media":1590,"comment_status":"open","ping_status":"closed","template":"","meta":{"_acf_changed":false,"googlesitekit_rrm_CAowsMCjDA:productID":""},"product_brand":[],"product_cat":[132],"product_tag":[],"class_list":{"0":"post-1589","1":"product","2":"type-product","3":"status-publish","4":"has-post-thumbnail","6":"product_cat-hjem","8":"first","9":"instock","10":"sale","11":"shipping-taxable","12":"purchasable","13":"product-type-simple"},"acf":[],"_links":{"self":[{"href":"https:\/\/bellybudget.no\/en\/wp-json\/wp\/v2\/product\/1589","targetHints":{"allow":["GET"]}}],"collection":[{"href":"https:\/\/bellybudget.no\/en\/wp-json\/wp\/v2\/product"}],"about":[{"href":"https:\/\/bellybudget.no\/en\/wp-json\/wp\/v2\/types\/product"}],"replies":[{"embeddable":true,"href":"https:\/\/bellybudget.no\/en\/wp-json\/wp\/v2\/comments?post=1589"}],"wp:featuredmedia":[{"embeddable":true,"href":"https:\/\/bellybudget.no\/en\/wp-json\/wp\/v2\/media\/1590"}],"wp:attachment":[{"href":"https:\/\/bellybudget.no\/en\/wp-json\/wp\/v2\/media?parent=1589"}],"wp:term":[{"taxonomy":"product_brand","embeddable":true,"href":"https:\/\/bellybudget.no\/en\/wp-json\/wp\/v2\/product_brand?post=1589"},{"taxonomy":"product_cat","embeddable":true,"href":"https:\/\/bellybudget.no\/en\/wp-json\/wp\/v2\/product_cat?post=1589"},{"taxonomy":"product_tag","embeddable":true,"href":"https:\/\/bellybudget.no\/en\/wp-json\/wp\/v2\/product_tag?post=1589"}],"curies":[{"name":"wp","href":"https:\/\/api.w.org\/{rel}","templated":true}]}}