{"id":1595,"date":"2025-02-15T23:46:41","date_gmt":"2025-02-15T23:46:41","guid":{"rendered":"https:\/\/bellybudget.no\/?post_type=product&#038;p=1595"},"modified":"2025-02-17T09:12:26","modified_gmt":"2025-02-17T09:12:26","slug":"silikon-vannsprutbeskytter-matte-sprutbeskyttelse-for-vask","status":"publish","type":"product","link":"https:\/\/bellybudget.no\/en\/product\/silikon-vannsprutbeskytter-matte-sprutbeskyttelse-for-vask\/","title":{"rendered":"Silikon Vannsprutbeskytter \/ Matte \/ Sprutbeskyttelse for vask"},"content":{"rendered":"<h4 data-start=\"346\" data-end=\"381\"><strong data-start=\"351\" data-end=\"379\">Derfor vil du elske den:<\/strong><\/h4>\n<p data-start=\"383\" data-end=\"504\">\u2705 <strong data-start=\"385\" data-end=\"413\">Premium Silikonmateriale<\/strong> \u2013 Laget av slitesterk, ripebestandig silikon som varer lenge og drenerer vann effektivt.<\/p>\n<p data-start=\"506\" data-end=\"672\">\u2705 <strong data-start=\"508\" data-end=\"550\">Universell Passform &amp; Justerbar Design<\/strong> \u2013 Ferdig utsk\u00e5ret for \u00e5 passe ulike kranst\u00f8rrelser, med en justerbar \u00e5pning for r\u00f8r med <strong data-start=\"639\" data-end=\"669\">diameter opptil 2,5 tommer<\/strong>.<\/p>\n<p data-start=\"674\" data-end=\"787\">\u2705 <strong data-start=\"676\" data-end=\"703\">18 Tommers Bred Dekning<\/strong> \u2013 Passer b\u00e5de <strong data-start=\"718\" data-end=\"743\">enkle og doble vasker<\/strong>, og gir maksimal beskyttelse mot vanns\u00f8l.<\/p>\n<p data-start=\"789\" data-end=\"913\">\u2705 <strong data-start=\"791\" data-end=\"812\">Flerbruksfunksjon<\/strong> \u2013 Mer enn bare en sprutbeskytter! Bruk den som en <strong data-start=\"863\" data-end=\"877\">t\u00f8rkematte<\/strong> for svamper, glass eller bestikk.<\/p>\n<p data-start=\"915\" data-end=\"1025\">\u2705 <strong data-start=\"917\" data-end=\"934\">Allsidig Bruk<\/strong> \u2013 Perfekt for <strong data-start=\"949\" data-end=\"977\">kj\u00f8kken, bad og vaskerom<\/strong>, og beskytter benkeplaten mot un\u00f8dvendig s\u00f8l.<\/p>\n<p data-start=\"1027\" data-end=\"1138\"><strong data-start=\"1027\" data-end=\"1078\">Si farvel til vannpytter og rotete benkeplater!<\/strong> Bestill din i dag og nyt en renere, mer funksjonell vask.<\/p>\n<p data-start=\"1140\" data-end=\"1178\">\ud83d\uded2 <strong data-start=\"1143\" data-end=\"1176\">Klikk &laquo;Legg i handlekurv&raquo; n\u00e5!<\/strong><\/p>","protected":false},"excerpt":{"rendered":"<p data-start=\"77\" data-end=\"130\"><strong data-start=\"77\" data-end=\"128\">Hold benkeplaten t\u00f8rr og ren uten anstrengelse!<\/strong><\/p>\n<p data-start=\"132\" data-end=\"344\">Oppgrader kj\u00f8kkenet, badet eller vaskerommet ditt med v\u00e5r <strong data-start=\"190\" data-end=\"233\">h\u00f8ykvalitets silikon vannsprutbeskytter<\/strong><\/p>\n<p data-start=\"132\" data-end=\"344\">\u2013 designet for \u00e5 forhindre vanns\u00f8l p\u00e5 benkeplaten samtidig som den gir ekstra funksjonalitet til vasken din.<\/p>","protected":false},"featured_media":1604,"comment_status":"open","ping_status":"closed","template":"","meta":{"_acf_changed":false,"googlesitekit_rrm_CAowsMCjDA:productID":""},"product_brand":[],"product_cat":[132],"product_tag":[],"class_list":{"0":"post-1595","1":"product","2":"type-product","3":"status-publish","4":"has-post-thumbnail","6":"product_cat-hjem","8":"first","9":"instock","10":"sale","11":"shipping-taxable","12":"purchasable","13":"product-type-variable"},"acf":[],"_links":{"self":[{"href":"https:\/\/bellybudget.no\/en\/wp-json\/wp\/v2\/product\/1595","targetHints":{"allow":["GET"]}}],"collection":[{"href":"https:\/\/bellybudget.no\/en\/wp-json\/wp\/v2\/product"}],"about":[{"href":"https:\/\/bellybudget.no\/en\/wp-json\/wp\/v2\/types\/product"}],"replies":[{"embeddable":true,"href":"https:\/\/bellybudget.no\/en\/wp-json\/wp\/v2\/comments?post=1595"}],"wp:featuredmedia":[{"embeddable":true,"href":"https:\/\/bellybudget.no\/en\/wp-json\/wp\/v2\/media\/1604"}],"wp:attachment":[{"href":"https:\/\/bellybudget.no\/en\/wp-json\/wp\/v2\/media?parent=1595"}],"wp:term":[{"taxonomy":"product_brand","embeddable":true,"href":"https:\/\/bellybudget.no\/en\/wp-json\/wp\/v2\/product_brand?post=1595"},{"taxonomy":"product_cat","embeddable":true,"href":"https:\/\/bellybudget.no\/en\/wp-json\/wp\/v2\/product_cat?post=1595"},{"taxonomy":"product_tag","embeddable":true,"href":"https:\/\/bellybudget.no\/en\/wp-json\/wp\/v2\/product_tag?post=1595"}],"curies":[{"name":"wp","href":"https:\/\/api.w.org\/{rel}","templated":true}]}}