{"id":1648,"date":"2025-02-22T19:30:17","date_gmt":"2025-02-22T19:30:17","guid":{"rendered":"https:\/\/bellybudget.no\/product\/5-i-1-tradlos-ladestasjon-15w-hurtiglader-med-led-alarmklokke-dockingstasjon\/"},"modified":"2025-02-22T19:37:25","modified_gmt":"2025-02-22T19:37:25","slug":"5-i-1-tradlos-ladestasjon-15w-hurtiglader-med-led-alarmklokke-dockingstasjon","status":"publish","type":"product","link":"https:\/\/bellybudget.no\/en\/product\/5-i-1-tradlos-ladestasjon-15w-hurtiglader-med-led-alarmklokke-dockingstasjon\/","title":{"rendered":"5-i-1 Tr\u00e5dl\u00f8s Ladestasjon | 15W Hurtiglader med LED Alarmklokke &amp; Dockingstasjon"},"content":{"rendered":"<h3 data-start=\"40\" data-end=\"55\">Oversikt:<\/h3>\n<ol data-start=\"57\" data-end=\"1298\">\n<li data-start=\"57\" data-end=\"371\">\n<p data-start=\"60\" data-end=\"371\"><strong data-start=\"60\" data-end=\"96\">Tr\u00e5dl\u00f8s lading for flere enheter<\/strong><br data-start=\"96\" data-end=\"99\" \/>St\u00f8tter samtidig hurtiglading av flere enheter, inkludert telefoner, klokker og hodetelefoner. I tillegg viser denne multifunksjonelle tr\u00e5dl\u00f8se ladestasjonen tid, temperatur og luftfuktighet. Perfekt for de med en travel livsstil og flere elektroniske enheter \u00e5 lade.<\/p>\n<\/li>\n<li data-start=\"373\" data-end=\"605\">\n<p data-start=\"376\" data-end=\"605\"><strong data-start=\"376\" data-end=\"390\">Enkel bruk<\/strong><br data-start=\"390\" data-end=\"393\" \/>Nyt en problemfri ladeopplevelse med v\u00e5r hurtige tr\u00e5dl\u00f8se ladestasjon. Plasser bare telefonen, klokken og \u00f8reproppene p\u00e5 dokken, og v\u00e5r 15W-adapter lader dem opp p\u00e5 kun 2 timer. Oppgrader ladingen din i dag!<\/p>\n<\/li>\n<li data-start=\"607\" data-end=\"892\">\n<p data-start=\"610\" data-end=\"892\"><strong data-start=\"610\" data-end=\"632\">Ta den med overalt<\/strong><br data-start=\"632\" data-end=\"635\" \/>Enten du er p\u00e5 reise eller forretningsreise, kan du enkelt folde sammen og ta med denne lette og b\u00e6rbare tr\u00e5dl\u00f8se ladestasjonen, som lader flere enheter samtidig. Den kan ogs\u00e5 brukes som en justerbar telefonholder, perfekt for b\u00e5de hjemmet og kontoret.<\/p>\n<\/li>\n<li data-start=\"894\" data-end=\"1076\">\n<p data-start=\"897\" data-end=\"1076\"><strong data-start=\"897\" data-end=\"931\">Avanserte sikkerhetsfunksjoner<\/strong><br data-start=\"931\" data-end=\"934\" \/>Utstyrt med beskyttelse mot overstr\u00f8m og overspenning, overtemperaturbeskyttelse og fremmedlegemedeteksjon for sikker og effektiv lading.<\/p>\n<\/li>\n<li data-start=\"1078\" data-end=\"1298\">\n<p data-start=\"1081\" data-end=\"1298\"><strong data-start=\"1081\" data-end=\"1108\">Praktisk funksjonalitet<\/strong><br data-start=\"1108\" data-end=\"1111\" \/>Denne tr\u00e5dl\u00f8se ladedokken lader ikke bare enhetene dine, men viser ogs\u00e5 tid, luftfuktighet og temperatur i sanntid. F\u00e5 oversikt over omgivelsene dine og nyt et mer komfortabelt hjem.<\/p>\n<\/li>\n<\/ol>\n<hr data-start=\"1300\" data-end=\"1303\" \/>\n<p data-start=\"1305\" data-end=\"1562\">Ser du etter en enkel m\u00e5te \u00e5 lade alle enhetene dine p\u00e5? V\u00e5r tr\u00e5dl\u00f8se ladestasjon er l\u00f8sningen! Bare plasser enhetene dine p\u00e5 stativet for tr\u00e5dl\u00f8s lading. Perfekt for reise eller jobb. Si farvel til rotete kabler og velkommen til et mer komfortabelt hjem.<\/p>\n<hr data-start=\"1564\" data-end=\"1567\" \/>\n<h3 data-start=\"1569\" data-end=\"1594\">Produktinformasjon:<\/h3>\n<p data-start=\"1596\" data-end=\"1675\"><strong data-start=\"1596\" data-end=\"1606\">Farge:<\/strong> Svart, hvit<br data-start=\"1618\" data-end=\"1621\" \/><strong data-start=\"1621\" data-end=\"1635\">Materiale:<\/strong> ABS PC<br data-start=\"1642\" data-end=\"1645\" \/><strong data-start=\"1645\" data-end=\"1666\">Grensesnitt-type:<\/strong> Type-C<\/p>\n<h3 data-start=\"1677\" data-end=\"1694\">Pakkeliste:<\/h3>\n<p data-start=\"1696\" data-end=\"1721\" data-is-only-node=\"\">1 x Tr\u00e5dl\u00f8s ladestasjon<\/p>\n<p data-start=\"1696\" data-end=\"1721\" data-is-only-node=\"\">\n<h3 data-start=\"1677\" data-end=\"1694\">Bilder:<\/h3>\n<p data-start=\"1696\" data-end=\"1721\" data-is-only-node=\"\">\n<p><img decoding=\"async\" src=\"https:\/\/oss-cf.cjdropshipping.com\/product\/2025\/01\/07\/08\/a76532a9-0c78-42a6-826f-63e91d524575_trans.jpeg\" alt=\"\" title=\"\"><br \/>\n<img decoding=\"async\" src=\"https:\/\/oss-cf.cjdropshipping.com\/product\/2025\/01\/07\/08\/c20d0310-7685-4c7e-884d-8e27782e660f_trans.jpeg\" alt=\"\" title=\"\"><br \/>\n<img decoding=\"async\" src=\"https:\/\/oss-cf.cjdropshipping.com\/product\/2025\/01\/07\/08\/ca571491-7de7-4271-a645-473104e043d7_trans.jpeg\" alt=\"\" title=\"\"><br \/>\n<img decoding=\"async\" src=\"https:\/\/oss-cf.cjdropshipping.com\/product\/2025\/01\/07\/08\/c84f92bb-a4db-4709-af07-a87b9f359520_trans.jpeg\" alt=\"\" title=\"\"><br \/>\n<img decoding=\"async\" src=\"https:\/\/oss-cf.cjdropshipping.com\/product\/2025\/01\/07\/08\/a8d165a2-7a14-4a48-8881-5b9b85bf2978_trans.jpeg\" alt=\"\" title=\"\"><br \/>\n<img decoding=\"async\" src=\"https:\/\/oss-cf.cjdropshipping.com\/product\/2025\/01\/07\/08\/2f62909c-151d-476c-926d-d5d77e37ff23_trans.jpeg\" alt=\"\" title=\"\"><br \/>\n<img decoding=\"async\" src=\"https:\/\/oss-cf.cjdropshipping.com\/product\/2025\/01\/07\/08\/2d9f8c58-3e0e-4b30-8b90-704644dea84e_trans.jpeg\" alt=\"\" title=\"\"><br \/>\n<img decoding=\"async\" src=\"https:\/\/oss-cf.cjdropshipping.com\/product\/2025\/01\/07\/08\/ed5676d5-374a-4096-8020-f67f6858e67f_trans.jpeg\" alt=\"\" title=\"\"><br \/>\n<img decoding=\"async\" src=\"https:\/\/oss-cf.cjdropshipping.com\/product\/2025\/01\/07\/08\/638503d9-01ad-4434-9b1b-64da0e2886bf_trans.jpeg\" alt=\"\" title=\"\"><br \/>\n<img decoding=\"async\" src=\"https:\/\/oss-cf.cjdropshipping.com\/product\/2025\/01\/07\/08\/b9109b07-ea78-4479-ab1b-5d6a4533b34c_trans.jpeg\" alt=\"\" title=\"\"><br \/>\n<img decoding=\"async\" src=\"https:\/\/oss-cf.cjdropshipping.com\/product\/2025\/01\/07\/08\/dbaef093-f4b5-421d-a76b-1ac191165a86_trans.jpeg\" alt=\"\" title=\"\"><br \/>\n<img decoding=\"async\" src=\"https:\/\/oss-cf.cjdropshipping.com\/product\/2025\/01\/07\/08\/bf333922-1bd4-48dc-827d-69e065b8f742_trans.jpeg\" alt=\"\" title=\"\"><br \/>\n<img decoding=\"async\" src=\"https:\/\/oss-cf.cjdropshipping.com\/product\/2025\/01\/07\/08\/12dd529e-f2d8-4555-af15-45091df96301_trans.jpeg\" alt=\"\" title=\"\"><br \/>\n<img decoding=\"async\" src=\"https:\/\/oss-cf.cjdropshipping.com\/product\/2025\/01\/07\/08\/4c7efa90-6b1f-41ce-83ad-65e46d170b53_trans.jpeg\" alt=\"\" title=\"\"><br \/>\n<img decoding=\"async\" src=\"https:\/\/oss-cf.cjdropshipping.com\/product\/2025\/01\/07\/08\/9a5aa146-3e2e-4119-ba53-04d2cf58ce54_trans.jpeg\" alt=\"\" title=\"\"><br \/>\n<img decoding=\"async\" src=\"https:\/\/oss-cf.cjdropshipping.com\/product\/2025\/01\/07\/08\/41df5c11-17c6-46df-8422-ca8afe29787e_trans.jpeg\" alt=\"\" title=\"\"><\/p>","protected":false},"excerpt":{"rendered":"<p data-start=\"0\" data-end=\"90\"><strong data-start=\"0\" data-end=\"88\">Tr\u00e5dl\u00f8s ladestasjon for flere enheter \u2013 hurtiglading for mobil, klokke og \u00f8repropper<\/strong><\/p>\n<p data-start=\"92\" data-end=\"455\" data-is-last-node=\"\" data-is-only-node=\"\">Lad opptil tre enheter samtidig med v\u00e5r <strong data-start=\"132\" data-end=\"156\">tr\u00e5dl\u00f8se ladestasjon<\/strong>! Denne <strong data-start=\"164\" data-end=\"185\">15W hurtigladeren<\/strong> er perfekt for mobiltelefoner, smartklokker og \u00f8repropper, og viser ogs\u00e5 <strong data-start=\"259\" data-end=\"295\">tid, temperatur og luftfuktighet<\/strong>. Med <strong data-start=\"301\" data-end=\"333\">avansert sikkerhetsteknologi<\/strong>, b\u00e6rbart design og enkel bruk er den ideell for hjem, kontor og reiser. <strong data-start=\"406\" data-end=\"455\" data-is-last-node=\"\">Si farvel til kabelrot og lad smartere i dag!<\/strong><\/p>","protected":false},"featured_media":1639,"comment_status":"open","ping_status":"closed","template":"","meta":{"_acf_changed":false,"googlesitekit_rrm_CAowsMCjDA:productID":""},"product_brand":[],"product_cat":[132],"product_tag":[136,139,140,137,138,135],"class_list":{"0":"post-1648","1":"product","2":"type-product","3":"status-publish","4":"has-post-thumbnail","6":"product_cat-hjem","7":"product_tag-15w-hurtiglader","8":"product_tag-airpods-lader","9":"product_tag-apple-watch-ladestas","10":"product_tag-iphone-lader","11":"product_tag-samsung-tradlos-lade","12":"product_tag-tradlos-lader","14":"first","15":"instock","16":"shipping-taxable","17":"purchasable","18":"product-type-variable"},"acf":[],"_links":{"self":[{"href":"https:\/\/bellybudget.no\/en\/wp-json\/wp\/v2\/product\/1648","targetHints":{"allow":["GET"]}}],"collection":[{"href":"https:\/\/bellybudget.no\/en\/wp-json\/wp\/v2\/product"}],"about":[{"href":"https:\/\/bellybudget.no\/en\/wp-json\/wp\/v2\/types\/product"}],"replies":[{"embeddable":true,"href":"https:\/\/bellybudget.no\/en\/wp-json\/wp\/v2\/comments?post=1648"}],"wp:featuredmedia":[{"embeddable":true,"href":"https:\/\/bellybudget.no\/en\/wp-json\/wp\/v2\/media\/1639"}],"wp:attachment":[{"href":"https:\/\/bellybudget.no\/en\/wp-json\/wp\/v2\/media?parent=1648"}],"wp:term":[{"taxonomy":"product_brand","embeddable":true,"href":"https:\/\/bellybudget.no\/en\/wp-json\/wp\/v2\/product_brand?post=1648"},{"taxonomy":"product_cat","embeddable":true,"href":"https:\/\/bellybudget.no\/en\/wp-json\/wp\/v2\/product_cat?post=1648"},{"taxonomy":"product_tag","embeddable":true,"href":"https:\/\/bellybudget.no\/en\/wp-json\/wp\/v2\/product_tag?post=1648"}],"curies":[{"name":"wp","href":"https:\/\/api.w.org\/{rel}","templated":true}]}}