{"id":1666,"date":"2025-02-25T23:43:50","date_gmt":"2025-02-25T23:43:50","guid":{"rendered":"https:\/\/bellybudget.no\/product\/unik-og-magisk-metallvindmolle-dynamisk-vindspinner-og-hagedekorasjon\/"},"modified":"2025-02-25T23:55:51","modified_gmt":"2025-02-25T23:55:51","slug":"unik-og-magisk-metallvindmolle-dynamisk-vindspinner-og-hagedekorasjon","status":"publish","type":"product","link":"https:\/\/bellybudget.no\/en\/product\/unik-og-magisk-metallvindmolle-dynamisk-vindspinner-og-hagedekorasjon\/","title":{"rendered":"Unik og magisk metallvindm\u00f8lle | Dynamisk vindspinner og hagedekorasjon"},"content":{"rendered":"<div style=\"width: 480px;\" class=\"wp-video\"><video class=\"wp-video-shortcode\" id=\"video-1666-1\" width=\"480\" height=\"480\" preload=\"metadata\" controls=\"controls\"><source type=\"video\/mp4\" src=\"https:\/\/bellybudget.no\/wp-content\/uploads\/2025\/02\/CJJT1260895.mp4?_=1\" \/><a href=\"https:\/\/bellybudget.no\/wp-content\/uploads\/2025\/02\/CJJT1260895.mp4\">https:\/\/bellybudget.no\/wp-content\/uploads\/2025\/02\/CJJT1260895.mp4<\/a><\/video><\/div>\n<p>\u2728 Gi hagen din liv og bevegelse! Denne vakkert designede vindspinneren har doble roterende blader, et solid metallmateriale og en stille, jevn rotasjon som skaper en magisk effekt i din hage, uteplass eller p\u00e5 plenen.<\/p>\n<p>\ufe0f Dobbel vindbevegelse \u2013 I motsetning til vanlige vindspinnere roterer bladene i motsatte retninger, noe som gir et dynamisk visuelt uttrykk.<\/p>\n<p>\u2600\ufe0f V\u00e6rbestandig og slitesterk \u2013 Laget av rustfritt st\u00e5l med beskyttende belegg, perfekt for hel\u00e5rsbruk i all slags v\u00e6r.<\/p>\n<p>\u26a1 Enkel montering \u2013 Ingen ledninger n\u00f8dvendig! Plasser den p\u00e5 et solrikt sted, og nyt den fantastiske hagedekoren.<\/p>\n<p>Kunstnerisk &amp; Blikkfang \u2013 Med en kombinasjon av antikk sjarm og moderne stil, tilf\u00f8rer denne vindm\u00f8llen karakter til hagen din, samtidig som den er stabil og stilleg\u00e5ende, selv p\u00e5 vindfulle dager.<\/p>\n<h3>Spesifikasjoner:<\/h3>\n<p>\u2705 Materiale: Rustfritt st\u00e5l<\/p>\n<p>\u2705 Design: Doble roterende blader<\/p>\n<p>Montering: Ingen ledninger n\u00f8dvendig<\/p>\n<p>Stil: Abstrakt, kinesisk-inspirert<\/p>\n<p>\u2705 H\u00e5ndlaget: Semi-manuell &amp; semi-mekanisk<\/p>\n<p>Pakken inneholder:\u2714\ufe0f 1x Rustfritt st\u00e5l vindspinner<\/p>\n<p>&nbsp;<\/p>","protected":false},"excerpt":{"rendered":"<p>https:\/\/bellybudget.no\/wp-content\/uploads\/2025\/02\/CJJT1260895.mp4 \u2728 Gi hagen din liv og bevegelse! Denne vakkert designede vindspinneren har doble roterende blader, et solid metallmateriale og en stille, jevn rotasjon som skaper en magisk effekt i din hage, uteplass eller p\u00e5 plenen. \ufe0f Dobbel vindbevegelse \u2013 I motsetning til vanlige vindspinnere roterer bladene i motsatte retninger, noe som gir et dynamisk&#8230;<\/p>","protected":false},"featured_media":1664,"comment_status":"open","ping_status":"closed","template":"","meta":{"_acf_changed":false,"googlesitekit_rrm_CAowsMCjDA:productID":""},"product_brand":[],"product_cat":[132],"product_tag":[153,152,149,150,151],"class_list":{"0":"post-1666","1":"product","2":"type-product","3":"status-publish","4":"has-post-thumbnail","6":"product_cat-hjem","7":"product_tag-eksotisk-uteplassdek","8":"product_tag-hagedekorasjon","9":"product_tag-metallvindmolle","10":"product_tag-plenpynt","11":"product_tag-utendors-vindspinner","13":"first","14":"instock","15":"sale","16":"shipping-taxable","17":"purchasable","18":"product-type-simple"},"acf":[],"_links":{"self":[{"href":"https:\/\/bellybudget.no\/en\/wp-json\/wp\/v2\/product\/1666","targetHints":{"allow":["GET"]}}],"collection":[{"href":"https:\/\/bellybudget.no\/en\/wp-json\/wp\/v2\/product"}],"about":[{"href":"https:\/\/bellybudget.no\/en\/wp-json\/wp\/v2\/types\/product"}],"replies":[{"embeddable":true,"href":"https:\/\/bellybudget.no\/en\/wp-json\/wp\/v2\/comments?post=1666"}],"wp:featuredmedia":[{"embeddable":true,"href":"https:\/\/bellybudget.no\/en\/wp-json\/wp\/v2\/media\/1664"}],"wp:attachment":[{"href":"https:\/\/bellybudget.no\/en\/wp-json\/wp\/v2\/media?parent=1666"}],"wp:term":[{"taxonomy":"product_brand","embeddable":true,"href":"https:\/\/bellybudget.no\/en\/wp-json\/wp\/v2\/product_brand?post=1666"},{"taxonomy":"product_cat","embeddable":true,"href":"https:\/\/bellybudget.no\/en\/wp-json\/wp\/v2\/product_cat?post=1666"},{"taxonomy":"product_tag","embeddable":true,"href":"https:\/\/bellybudget.no\/en\/wp-json\/wp\/v2\/product_tag?post=1666"}],"curies":[{"name":"wp","href":"https:\/\/api.w.org\/{rel}","templated":true}]}}