{"id":1702,"date":"2025-03-01T00:47:24","date_gmt":"2025-03-01T00:47:24","guid":{"rendered":"https:\/\/bellybudget.no\/product\/vacuum-red-wine-bottle-stopper-silicone-sealed-champagne-bottle-stopper-vacuum-retain-freshness-wine-plug-bar-tools\/"},"modified":"2025-03-01T01:14:24","modified_gmt":"2025-03-01T01:14:24","slug":"vacuum-red-wine-bottle-stopper-silicone-sealed-champagne-bottle-stopper-vacuum-retain-freshness-wine-plug-bar-tools","status":"publish","type":"product","link":"https:\/\/bellybudget.no\/en\/product\/vacuum-red-wine-bottle-stopper-silicone-sealed-champagne-bottle-stopper-vacuum-retain-freshness-wine-plug-bar-tools\/","title":{"rendered":"Luksuri\u00f8s Champagne- og Vinpropp \u2013 Lufttett Forsegling for Friskhet og Langvarige Bobler \ud83c\udf7e"},"content":{"rendered":"<p>Oversikt:<\/p>\n<p>&nbsp;<\/p>\n<p>Den kompakte champagnekorken er designet med en optimalisert indre struktur som sikrer en tett forsegling p\u00e5 flaskehalsen. Dette l\u00e5ser inne karboneringen og forhindrer at boblene forsvinner etter \u00e5pning. Korkens &laquo;lue&raquo;-form harmonerer med den buede designen til champagneflasker, noe som gir et stilrent uttrykk. Den er liten og praktisk, noe som gj\u00f8r oppbevaring enklere. Med et roterende l\u00e5sedesign og tre sm\u00e5 spor tilpasset fingrene, blir det enkelt \u00e5 \u00e5pne og lukke flasken.<\/p>\n<p>Spesifikasjoner:<\/p>\n<p>&nbsp;<\/p>\n<ul>\n<li>Materiale: ABS-plast av h\u00f8y kvalitet<\/li>\n<li>Farge: Svart<\/li>\n<li>Stil: Moderne amerikansk design<\/li>\n<li>Anbefalte gaveanledninger: Reklamekampanjer, firmagaver, vinentusiastens samling<\/li>\n<li>Kvalitetsniv\u00e5: F\u00f8rsteklasses<\/li>\n<li><\/li>\n<\/ul>\n<p>Pakkens innhold:<\/p>\n<ul>\n<li>1 x vinpropp<\/li>\n<\/ul>\n<p>&nbsp;<\/p>\n<p>Merk: Produktet er tilgjengelig som enten champagnekork eller vinpropp og er ikke universelt for alle flasketyper.<\/p>\n<p>Denne elegante og funksjonelle champagnekorken er et must for enhver vinelsker som \u00f8nsker \u00e5 bevare friskheten i sine musserende viner. Med sitt brukervennlige design og h\u00f8ykvalitets materiale, sikrer den at hver flaske holder seg fersk lenger.<\/p>\n<p><b>\u00a0<\/b><\/p>\n<p>&nbsp;<\/p>\n<p><b><br \/>\n<span style=\"color: #ff0000; font-size: large;\">Merk: Produktet er delt inn i champagnekork og vinpropp, og er ikke universelt!<\/span><br \/>\n<\/b><\/p>\n<p>&nbsp;<\/p>\n<p><img decoding=\"async\" style=\"max-width: 100%;\" src=\"https:\/\/cf.cjdropshipping.com\/1620102801739.jpg\" alt=\"\" title=\"\"><\/p>\n<p><img decoding=\"async\" class=\"\" style=\"max-width: 100%;\" src=\"https:\/\/cf.cjdropshipping.com\/1620102801750.jpg\" alt=\"\" title=\"\"><\/p>\n<p>&nbsp;<\/p>","protected":false},"excerpt":{"rendered":"<p>Hold vinen og champagnen fersk lenger med denne lufttette proppen! \ud83c\udf7e\u2728 Den sikre vakuumforseglingen bevarer bobler og aroma, mens det ergonomiske designet gj\u00f8r den enkel \u00e5 bruke. Perfekt for vinelskere og barutstyr!<\/p>","protected":false},"featured_media":1698,"comment_status":"open","ping_status":"closed","template":"","meta":{"_acf_changed":false,"googlesitekit_rrm_CAowsMCjDA:productID":""},"product_brand":[],"product_cat":[132],"product_tag":[155,160,158,159,157,156],"class_list":{"0":"post-1702","1":"product","2":"type-product","3":"status-publish","4":"has-post-thumbnail","6":"product_cat-hjem","7":"product_tag-champagnekork","8":"product_tag-flaskekork","9":"product_tag-vakuum-champagnekork","10":"product_tag-vinbevaring","11":"product_tag-vinflaske-forsegling","12":"product_tag-vinpropp","14":"first","15":"instock","16":"shipping-taxable","17":"purchasable","18":"product-type-variable"},"acf":[],"_links":{"self":[{"href":"https:\/\/bellybudget.no\/en\/wp-json\/wp\/v2\/product\/1702","targetHints":{"allow":["GET"]}}],"collection":[{"href":"https:\/\/bellybudget.no\/en\/wp-json\/wp\/v2\/product"}],"about":[{"href":"https:\/\/bellybudget.no\/en\/wp-json\/wp\/v2\/types\/product"}],"replies":[{"embeddable":true,"href":"https:\/\/bellybudget.no\/en\/wp-json\/wp\/v2\/comments?post=1702"}],"wp:featuredmedia":[{"embeddable":true,"href":"https:\/\/bellybudget.no\/en\/wp-json\/wp\/v2\/media\/1698"}],"wp:attachment":[{"href":"https:\/\/bellybudget.no\/en\/wp-json\/wp\/v2\/media?parent=1702"}],"wp:term":[{"taxonomy":"product_brand","embeddable":true,"href":"https:\/\/bellybudget.no\/en\/wp-json\/wp\/v2\/product_brand?post=1702"},{"taxonomy":"product_cat","embeddable":true,"href":"https:\/\/bellybudget.no\/en\/wp-json\/wp\/v2\/product_cat?post=1702"},{"taxonomy":"product_tag","embeddable":true,"href":"https:\/\/bellybudget.no\/en\/wp-json\/wp\/v2\/product_tag?post=1702"}],"curies":[{"name":"wp","href":"https:\/\/api.w.org\/{rel}","templated":true}]}}