{"id":1724,"date":"2025-03-01T01:08:39","date_gmt":"2025-03-01T01:08:39","guid":{"rendered":"https:\/\/bellybudget.no\/product\/hip-hop-joggebukse-for-menn-stilig-komfortabel\/"},"modified":"2025-03-01T01:19:20","modified_gmt":"2025-03-01T01:19:20","slug":"hip-hop-joggebukse-for-menn-stilig-komfortabel","status":"publish","type":"product","link":"https:\/\/bellybudget.no\/en\/product\/hip-hop-joggebukse-for-menn-stilig-komfortabel\/","title":{"rendered":"Hip Hop Joggebukse for Menn \u2013 Stilig &amp; Komfortabel"},"content":{"rendered":"<p>Disse buksene er laget av h\u00f8y kvalitet bomull, supermyk, pustende og komfortabel.Perfekt for hverdagsbruk og utend\u00f8rsaktiviteter som jogging, l\u00f8ping, yoga, trening, basketball osv.Drop-crotch, sn\u00f8ring i livet, ensfarget, justerbar midjeb\u00e5nd, to skr\u00e5 lommer, smal ribbestrikket ankelkant.<\/p>\n<p>Merk:Som du vet, forskjellige datamaskiner viser farger forskjellig, s\u00e5 fargen p\u00e5 den faktiske varen kan variere litt fra bildene.<\/p>\n<p>Spesifikasjoner:Produktkategori: HverdagsbukserBukse stil: Harem BukseTykkelse: MediumKj\u00f8nn: MennLukketype: Elastisk midjeSt\u00f8rrelse: M, L, XL, 2XL, 3XL, 4XL, 5XLFarge: Svart, Vinr\u00f8d, Marinebl\u00e5<\/p>\n<p>Pakkeinnhold:1 par x Harem Bukse<\/p>\n<p>.<\/p>\n<p><strong><br \/>\n<strong><br \/>\n<strong><br \/>\n<strong><br \/>\n<strong><br \/>\n<img decoding=\"async\" src=\"https:\/\/cf.cjdropshipping.com\/quick\/product\/d2e14207-e1dd-4e1d-8439-36d086fc75ab.jpg\" alt=\"\" title=\"\"><\/strong><\/strong><\/strong><\/strong><\/strong><\/p>\n<p><img decoding=\"async\" src=\"https:\/\/cf.cjdropshipping.com\/quick\/product\/cf565c59-6224-47b8-be9f-4cc9dba10299.jpg\" alt=\"\" title=\"\"><\/p>\n<p><img decoding=\"async\" src=\"https:\/\/cf.cjdropshipping.com\/quick\/product\/f64e7a14-5807-489e-b9f9-54e84699e7d3.jpg\" alt=\"\" title=\"\"><\/p>\n<p><img decoding=\"async\" class=\"\" src=\"https:\/\/cf.cjdropshipping.com\/quick\/product\/1f65cb2e-c70e-4e4d-9a88-0f5d73ff1420.jpg\" alt=\"\" title=\"\"><\/p>\n<p><img decoding=\"async\" src=\"https:\/\/cf.cjdropshipping.com\/quick\/product\/be1ef0d2-658b-4916-a739-febf8033ad3a.jpg\" alt=\"\" title=\"\"><\/p>\n<p><img decoding=\"async\" src=\"https:\/\/cf.cjdropshipping.com\/quick\/product\/fd52f995-6496-4109-bd4d-2fe3e4e573cc.jpg\" alt=\"\" title=\"\"><\/p>\n<p><img decoding=\"async\" src=\"https:\/\/cf.cjdropshipping.com\/quick\/product\/7e4a3074-a1ae-4d02-b1b9-8e243d795951.jpg\" alt=\"\" title=\"\"><\/p>\n<p><img decoding=\"async\" src=\"https:\/\/cf.cjdropshipping.com\/quick\/product\/4d4c1f21-ef48-4e0f-bdda-d89710c8e8f5.jpg\" alt=\"\" title=\"\"><\/p>\n<p><img decoding=\"async\" src=\"https:\/\/cf.cjdropshipping.com\/quick\/product\/1b0185c5-6213-45cc-a6d9-3990d4d6caaa.jpg\" alt=\"\" title=\"\"><\/p>\n<p><img decoding=\"async\" src=\"https:\/\/cf.cjdropshipping.com\/quick\/product\/9e1585aa-56dd-4e2f-a82b-d4603be3a05c.jpg\" alt=\"\" title=\"\"><\/p>\n<p><img decoding=\"async\" src=\"https:\/\/cf.cjdropshipping.com\/quick\/product\/31132300-2502-44be-bee4-81ff6ab05e7d.jpg\" alt=\"\" title=\"\"><\/p>\n<p><img decoding=\"async\" src=\"https:\/\/cf.cjdropshipping.com\/quick\/product\/ee4c1d82-83c9-429f-89fe-bc5bb1a0cd2f.jpg\" alt=\"\" title=\"\"><\/p>\n<p><img decoding=\"async\" src=\"https:\/\/cf.cjdropshipping.com\/quick\/product\/5f8c5686-0d61-461e-8cfb-159eb811aca0.jpg\" alt=\"\" title=\"\"><\/p>\n<p><img decoding=\"async\" src=\"https:\/\/cf.cjdropshipping.com\/quick\/product\/9b072d73-1843-4f18-b6b7-29c6a0e8ffe6.jpg\" alt=\"\" title=\"\"><\/p>\n<p><img decoding=\"async\" src=\"https:\/\/cf.cjdropshipping.com\/quick\/product\/de400b45-f178-47b5-b93f-17add95eb57b.jpg\" alt=\"\" title=\"\"><\/p>\n<p><img decoding=\"async\" src=\"https:\/\/cf.cjdropshipping.com\/quick\/product\/d313be20-11e1-4276-bd4e-7a55dd19a768.jpg\" alt=\"\" title=\"\"><\/p>\n<p><img decoding=\"async\" class=\"\" style=\"max-width: 100%;\" src=\"https:\/\/cf.cjdropshipping.com\/bf5be080-a037-4de4-9655-2abc111fcc00.jpg\" alt=\"\" title=\"\"><\/p>\n<p>&nbsp;<\/p>","protected":false},"excerpt":{"rendered":"<p>Disse buksene er laget av h\u00f8y kvalitet bomull, supermyk, pustende og komfortabel.Perfekt for hverdagsbruk og utend\u00f8rsaktiviteter som jogging, l\u00f8ping, yoga, trening, basketball osv.Drop-crotch, sn\u00f8ring i livet, ensfarget, justerbar midjeb\u00e5nd, to skr\u00e5 lommer, smal ribbestrikket ankelkant. Merk:Som du vet, forskjellige datamaskiner viser farger forskjellig, s\u00e5 fargen p\u00e5 den faktiske varen kan variere litt fra bildene. Spesifikasjoner:Produktkategori:&#8230;<\/p>","protected":false},"featured_media":1718,"comment_status":"open","ping_status":"closed","template":"","meta":{"_acf_changed":false,"googlesitekit_rrm_CAowsMCjDA:productID":""},"product_brand":[],"product_cat":[161],"product_tag":[166,162,163,165,164],"class_list":{"0":"post-1724","1":"product","2":"type-product","3":"status-publish","4":"has-post-thumbnail","6":"product_cat-mote-sport-og-fritid","7":"product_tag-fritidsklaer-menn","8":"product_tag-herre-joggebukse","9":"product_tag-hip-hop-bukse","10":"product_tag-komfortable-joggebuk","11":"product_tag-sport-bukse","13":"first","14":"instock","15":"shipping-taxable","16":"purchasable","17":"product-type-variable"},"acf":[],"_links":{"self":[{"href":"https:\/\/bellybudget.no\/en\/wp-json\/wp\/v2\/product\/1724","targetHints":{"allow":["GET"]}}],"collection":[{"href":"https:\/\/bellybudget.no\/en\/wp-json\/wp\/v2\/product"}],"about":[{"href":"https:\/\/bellybudget.no\/en\/wp-json\/wp\/v2\/types\/product"}],"replies":[{"embeddable":true,"href":"https:\/\/bellybudget.no\/en\/wp-json\/wp\/v2\/comments?post=1724"}],"wp:featuredmedia":[{"embeddable":true,"href":"https:\/\/bellybudget.no\/en\/wp-json\/wp\/v2\/media\/1718"}],"wp:attachment":[{"href":"https:\/\/bellybudget.no\/en\/wp-json\/wp\/v2\/media?parent=1724"}],"wp:term":[{"taxonomy":"product_brand","embeddable":true,"href":"https:\/\/bellybudget.no\/en\/wp-json\/wp\/v2\/product_brand?post=1724"},{"taxonomy":"product_cat","embeddable":true,"href":"https:\/\/bellybudget.no\/en\/wp-json\/wp\/v2\/product_cat?post=1724"},{"taxonomy":"product_tag","embeddable":true,"href":"https:\/\/bellybudget.no\/en\/wp-json\/wp\/v2\/product_tag?post=1724"}],"curies":[{"name":"wp","href":"https:\/\/api.w.org\/{rel}","templated":true}]}}