{"id":1791,"date":"2025-03-03T10:03:35","date_gmt":"2025-03-03T10:03:35","guid":{"rendered":"https:\/\/bellybudget.no\/product\/hold-kaffen-varm-med-denne-smarte-usb-varmeren\/"},"modified":"2025-03-03T10:16:19","modified_gmt":"2025-03-03T10:16:19","slug":"hold-kaffen-varm-med-denne-smarte-usb-varmeren","status":"publish","type":"product","link":"https:\/\/bellybudget.no\/en\/product\/hold-kaffen-varm-med-denne-smarte-usb-varmeren\/","title":{"rendered":"Hold kaffen varm med denne smarte USB-varmeren!"},"content":{"rendered":"<p>Denne USB-drevne koppvarmeren er det perfekte tilbeh\u00f8ret for skrivebordet ditt, og holder kaffen, teen eller annen drikke varm mens du jobber eller slapper av. Med et enkelt plug-and-play-design kobles den til alle USB-enheter, noe som gj\u00f8r den b\u00e5de praktisk og b\u00e6rbar. Laget med h\u00f8ykvalitets varmeelementer og brannsikkert PC-plast, er denne varmeplaten trygg, lett og en flott gaveid\u00e9 til vintersesongen. Enten du er hjemme eller p\u00e5 kontoret, trenger du aldri mer \u00e5 drikke kald kaffe!<\/p>\n<h3>Beskrivelse<\/h3>\n<p>\u2705 Holder drikken varm \u2013 Perfekt for kaffe, te, melk og andre varme drikker.<\/p>\n<p>\u2705 USB-drevet \u2013 Kan kobles til laptop, PC, powerbank eller vegglader.<\/p>\n<p>\u2705 Sikker og p\u00e5litelig \u2013 H\u00f8ykvalitets varmeelementer og brannsikkert materiale.<\/p>\n<p>\u2705 Lett og b\u00e6rbar \u2013 Ta den med overalt!<\/p>\n<p>\u2705 Flott gaveid\u00e9 \u2013 Perfekt til kontoret eller som en vintergave.<\/p>\n<p>&nbsp;<\/p>\n<p>&nbsp;<\/p>\n<p>Spesifikasjoner:<\/p>\n<ul>\n<li>Materiale: PC brannsikker plast<\/li>\n<li>Form: Rund<\/li>\n<li>Farger: Skinn bl\u00e5, skinn svart, skinn oransje<\/li>\n<li>Stil: Moderne og enkel<\/li>\n<li>Str\u00f8mkilde: USB<\/li>\n<li><\/li>\n<\/ul>\n<p>Pakken inneholder:\u2714\ufe0f 1 x USB-varmeplate<\/p>\n<p>&nbsp;<\/p>\n<p>&nbsp;<\/p>\n<p>&nbsp;<\/p>","protected":false},"excerpt":{"rendered":"<p>Denne USB-drevne koppvarmeren er det perfekte tilbeh\u00f8ret for skrivebordet ditt, og holder kaffen, teen eller annen drikke varm mens du jobber eller slapper av. Med et enkelt plug-and-play-design kobles den til alle USB-enheter, noe som gj\u00f8r den b\u00e5de praktisk og b\u00e6rbar. Laget med h\u00f8ykvalitets varmeelementer og brannsikkert PC-plast, er denne varmeplaten trygg, lett og en&#8230;<\/p>","protected":false},"featured_media":1784,"comment_status":"open","ping_status":"closed","template":"","meta":{"_acf_changed":false,"googlesitekit_rrm_CAowsMCjDA:productID":""},"product_brand":[],"product_cat":[132],"product_tag":[168,167,169],"class_list":{"0":"post-1791","1":"product","2":"type-product","3":"status-publish","4":"has-post-thumbnail","6":"product_cat-hjem","7":"product_tag-kaffekopp-varmer","8":"product_tag-usb-koppvarmer","9":"product_tag-varmeplate-usb","11":"first","12":"instock","13":"shipping-taxable","14":"purchasable","15":"product-type-variable"},"acf":[],"_links":{"self":[{"href":"https:\/\/bellybudget.no\/en\/wp-json\/wp\/v2\/product\/1791","targetHints":{"allow":["GET"]}}],"collection":[{"href":"https:\/\/bellybudget.no\/en\/wp-json\/wp\/v2\/product"}],"about":[{"href":"https:\/\/bellybudget.no\/en\/wp-json\/wp\/v2\/types\/product"}],"replies":[{"embeddable":true,"href":"https:\/\/bellybudget.no\/en\/wp-json\/wp\/v2\/comments?post=1791"}],"wp:featuredmedia":[{"embeddable":true,"href":"https:\/\/bellybudget.no\/en\/wp-json\/wp\/v2\/media\/1784"}],"wp:attachment":[{"href":"https:\/\/bellybudget.no\/en\/wp-json\/wp\/v2\/media?parent=1791"}],"wp:term":[{"taxonomy":"product_brand","embeddable":true,"href":"https:\/\/bellybudget.no\/en\/wp-json\/wp\/v2\/product_brand?post=1791"},{"taxonomy":"product_cat","embeddable":true,"href":"https:\/\/bellybudget.no\/en\/wp-json\/wp\/v2\/product_cat?post=1791"},{"taxonomy":"product_tag","embeddable":true,"href":"https:\/\/bellybudget.no\/en\/wp-json\/wp\/v2\/product_tag?post=1791"}],"curies":[{"name":"wp","href":"https:\/\/api.w.org\/{rel}","templated":true}]}}