{"id":1902,"date":"2025-05-11T02:25:39","date_gmt":"2025-05-11T02:25:39","guid":{"rendered":"https:\/\/bellybudget.no\/?post_type=product&#038;p=1902"},"modified":"2025-05-11T02:28:25","modified_gmt":"2025-05-11T02:28:25","slug":"palastina-t-skjorte","status":"publish","type":"product","link":"https:\/\/bellybudget.no\/en\/product\/palastina-t-skjorte\/","title":{"rendered":"Palastina T-skjorte"},"content":{"rendered":"<h3 class=\"\" data-start=\"471\" data-end=\"510\"><strong data-start=\"483\" data-end=\"510\">Om Oslo POD\u00a0<\/strong><\/h3>\n<p class=\"\" data-start=\"511\" data-end=\"669\"><span class=\"relative -mx-px my-[-0.2rem] rounded px-px py-[0.2rem] transition-colors duration-100 ease-in-out\">Oslo POD er en norsk print-on-demand-tjeneste som spesialiserer seg p\u00e5 tilpasset kl\u00e6r og varer.<\/span> <span class=\"relative -mx-px my-[-0.2rem] rounded px-px py-[0.2rem] transition-colors duration-100 ease-in-out\">De tilbyr milj\u00f8vennlige trykkel\u00f8sninger, som gj\u00f8r det mulig for kunstnere og aktivister \u00e5 realisere sine design med minimal milj\u00f8p\u00e5virkning.<\/span> <span class=\"relative -mx-px my-[-0.2rem] rounded px-px py-[0.2rem] transition-colors duration-100 ease-in-out\">Kjent for sitt engasjement for kvalitet og b\u00e6rekraft, samarbeider Oslo POD med ulike skapere for \u00e5 produsere meningsfulle og uttrykksfulle produkter.<\/span><\/p>\n<p>\ud83c\uddec\ud83c\udde7 <strong data-start=\"281\" data-end=\"309\">About Oslo POD<\/strong><\/p>\n<p><span class=\"relative -mx-px my-[-0.2rem] rounded px-px py-[0.2rem] transition-colors duration-100 ease-in-out\">Oslo POD is a Norwegian print-on-demand service specializing in custom apparel and merchandise.<\/span> <span class=\"relative -mx-px my-[-0.2rem] rounded px-px py-[0.2rem] transition-colors duration-100 ease-in-out\">They offer eco-friendly printing solutions, allowing artists and activists to bring their designs to life with minimal environmental impact.<\/span> <span class=\"relative -mx-px my-[-0.2rem] rounded px-px py-[0.2rem] transition-colors duration-100 ease-in-out\">Known for their commitment to quality and sustainability, Oslo POD collaborates with various creators to produce meaningful and expressive products.<\/span><\/p>\n","protected":false},"excerpt":{"rendered":"<p class=\"\" data-start=\"1056\" data-end=\"1134\"><span class=\"relative -mx-px my-[-0.2rem] rounded px-px py-[0.2rem] transition-colors duration-100 ease-in-out\">St\u00f8tt en sak med stil! \u270a\ud83d\udd4a\ufe0f<\/span><\/p>\n<p class=\"\" data-start=\"1136\" data-end=\"1334\"><span class=\"relative -mx-px my-[-0.2rem] rounded px-px py-[0.2rem] transition-colors duration-100 ease-in-out\">Vi presenterer den begrensede &laquo;Palestina T-skjorten&raquo; fra Oslo POD.<\/span> <span class=\"relative -mx-px my-[-0.2rem] rounded px-px py-[0.2rem] transition-colors duration-100 ease-in-out\">Laget av 100 % \u00f8kologisk bomull, er denne t-skjorten mer enn bare kl\u00e6r\u2014det er et statement.<\/span> <span class=\"relative -mx-px my-[-0.2rem] rounded px-px py-[0.2rem] transition-colors duration-100 ease-in-out\">Hvert kj\u00f8p bidrar til humanit\u00e6re tiltak i Palestina.<\/span> <span class=\"relative -mx-px my-[-0.2rem] rounded px-px py-[0.2rem] transition-colors duration-100 ease-in-out\">St\u00e5 i solidaritet og vis din st\u00f8tte med stolthet.<\/span><\/p>\n","protected":false},"featured_media":1904,"comment_status":"open","ping_status":"closed","template":"","meta":{"_acf_changed":false,"googlesitekit_rrm_CAowsMCjDA:productID":""},"product_brand":[],"product_cat":[176],"product_tag":[],"class_list":{"0":"post-1902","1":"product","2":"type-product","3":"status-publish","4":"has-post-thumbnail","6":"product_cat-klaer","8":"first","9":"instock","10":"shipping-taxable","11":"purchasable","12":"product-type-variable","13":"has-default-attributes"},"acf":[],"_links":{"self":[{"href":"https:\/\/bellybudget.no\/en\/wp-json\/wp\/v2\/product\/1902","targetHints":{"allow":["GET"]}}],"collection":[{"href":"https:\/\/bellybudget.no\/en\/wp-json\/wp\/v2\/product"}],"about":[{"href":"https:\/\/bellybudget.no\/en\/wp-json\/wp\/v2\/types\/product"}],"replies":[{"embeddable":true,"href":"https:\/\/bellybudget.no\/en\/wp-json\/wp\/v2\/comments?post=1902"}],"wp:featuredmedia":[{"embeddable":true,"href":"https:\/\/bellybudget.no\/en\/wp-json\/wp\/v2\/media\/1904"}],"wp:attachment":[{"href":"https:\/\/bellybudget.no\/en\/wp-json\/wp\/v2\/media?parent=1902"}],"wp:term":[{"taxonomy":"product_brand","embeddable":true,"href":"https:\/\/bellybudget.no\/en\/wp-json\/wp\/v2\/product_brand?post=1902"},{"taxonomy":"product_cat","embeddable":true,"href":"https:\/\/bellybudget.no\/en\/wp-json\/wp\/v2\/product_cat?post=1902"},{"taxonomy":"product_tag","embeddable":true,"href":"https:\/\/bellybudget.no\/en\/wp-json\/wp\/v2\/product_tag?post=1902"}],"curies":[{"name":"wp","href":"https:\/\/api.w.org\/{rel}","templated":true}]}}